{"id":2941,"date":"2024-02-22T18:05:41","date_gmt":"2024-02-22T15:05:41","guid":{"rendered":"https:\/\/brltekniktekstil.com\/?post_type=product&#038;p=2941"},"modified":"2024-12-08T12:14:41","modified_gmt":"2024-12-08T09:14:41","slug":"dokuma-kumas-cesitleri-berlin-kc64522","status":"publish","type":"product","link":"https:\/\/brltekniktekstil.com\/en\/dokuma-kumas-cesitleri-berlin-kc64522\/","title":{"rendered":"Berlin-KC64522"},"content":{"rendered":"<h5 id=\"36EC92B9_0095_FBAA_A604_F0C052ECBE76\">Our Woven Fabric Types<\/h5>\n<div>\n<p class=\"translation-block\">Our Berlin woven fabric is one of the pioneering and innovative products of the new generation textile industry. It comes with a wide range of applications, including coats, trousers, jackets, hats, overalls, and vests. This high-quality material, meticulously produced, is processed with a series of special techniques to offer top-level durability and comfort. The durability and comfort provided by this woven fabric make it suitable for a wide variety of uses.<\/p>\n<p>Therefore, our Berlin fabric will add both elegance and comfort to your clothes in daily life or special occasions. Additionally, the fabric has a natural appearance and texture, which adds extra aesthetic appeal to garments. The unique features of this fabric make it an excellent choice for both casual and formal wear. With the characteristics offered by Berlin fabric, your clothing will always be in top condition, providing both comfort and style.<\/p>\n<\/div>\n<p>For our products <a href=\"https:\/\/brltekniktekstil.com\/en\/product-category\/resmi-kiyafetler\/\">click here<\/a><\/p>\n<div><!-- notionvc: 221dc3ad-d82d-4be2-80cd-661dbdf9bfa8 --><\/div>\n<div><\/div>\n<div><\/div>\n<div id=\"36EC92B9_0095_FBAA_A604_F0C052ECBE76\"><\/div>\n<div id=\"36EC92B9_0095_FBAA_A604_F0C052ECBE76\"><\/div>\n<div id=\"36EC92B9_0095_FBAA_A604_F0C052ECBE76\"><\/div>\n<div id=\"36EC92B9_0095_FBAA_A604_F0C052ECBE76\"><\/div>\n<div id=\"36EC92B9_0095_FBAA_A604_F0C052ECBE76\"><\/div>\n<div id=\"36EC92B9_0095_FBAA_A604_F0C052ECBE76\"><\/div>\n<div id=\"36EC92B9_0095_FBAA_A604_F0C052ECBE76\"><\/div>\n<div id=\"36EC92B9_0095_FBAA_A604_F0C052ECBE76\"><\/div>\n<div id=\"36EC92B9_0095_FBAA_A604_F0C052ECBE76\"><\/div>\n<div id=\"36EC92B9_0095_FBAA_A604_F0C052ECBE76\"><\/div>\n<div id=\"36EC92B9_0095_FBAA_A604_F0C052ECBE76\"><\/div>\n<div id=\"36EC92B9_0095_FBAA_A604_F0C052ECBE76\"><\/div>\n<div id=\"36EC92B9_0095_FBAA_A604_F0C052ECBE76\"><\/div>\n<div id=\"36EC92B9_0095_FBAA_A604_F0C052ECBE76\"><\/div>\n<div id=\"36EC92B9_0095_FBAA_A604_F0C052ECBE76\"><\/div>\n<div id=\"36EC92B9_0095_FBAA_A604_F0C052ECBE76\"><\/div>\n<div id=\"36EC92B9_0095_FBAA_A604_F0C052ECBE76\"><\/div>\n<div id=\"36EC92B9_0095_FBAA_A604_F0C052ECBE76\"><\/div>\n<div id=\"36EC92B9_0095_FBAA_A604_F0C052ECBE76\"><\/div>\n<div id=\"36EC92B9_0095_FBAA_A604_F0C052ECBE76\"><\/div>\n<div id=\"36EC92B9_0095_FBAA_A604_F0C052ECBE76\"><\/div>\n<div id=\"36EC92B9_0095_FBAA_A604_F0C052ECBE76\"><\/div>\n<div id=\"36EC92B9_0095_FBAA_A604_F0C052ECBE76\"><\/div>\n<div id=\"36EC92B9_0095_FBAA_A604_F0C052ECBE76\"><\/div>\n<div id=\"36EC92B9_0095_FBAA_A604_F0C052ECBE76\"><\/div>\n<div id=\"36EC92B9_0095_FBAA_A604_F0C052ECBE76\"><\/div>\n<div id=\"36EC92B9_0095_FBAA_A604_F0C052ECBE76\"><\/div>\n<div id=\"36EC92B9_0095_FBAA_A604_F0C052ECBE76\"><\/div>\n<div id=\"36EC92B9_0095_FBAA_A604_F0C052ECBE76\"><\/div>\n<div id=\"36EC92B9_0095_FBAA_A604_F0C052ECBE76\"><\/div>\n<div id=\"36EC92B9_0095_FBAA_A604_F0C052ECBE76\"><\/div>\n<div id=\"36EC92B9_0095_FBAA_A604_F0C052ECBE76\"><\/div>\n<div id=\"36EC92B9_0095_FBAA_A604_F0C052ECBE76\"><\/div>\n<div id=\"36EC92B9_0095_FBAA_A604_F0C052ECBE76\"><\/div>\n<div id=\"36EC92B9_0095_FBAA_A604_F0C052ECBE76\"><\/div>\n<div id=\"36EC92B9_0095_FBAA_A604_F0C052ECBE76\"><\/div>\n<div id=\"36EC92B9_0095_FBAA_A604_F0C052ECBE76\"><\/div>\n<div id=\"36EC92B9_0095_FBAA_A604_F0C052ECBE76\"><\/div>\n<div id=\"36EC92B9_0095_FBAA_A604_F0C052ECBE76\"><\/div>\n<div id=\"36EC92B9_0095_FBAA_A604_F0C052ECBE76\"><\/div>\n<div id=\"36EC92B9_0095_FBAA_A604_F0C052ECBE76\"><\/div>\n<div id=\"36EC92B9_0095_FBAA_A604_F0C052ECBE76\"><\/div>\n<div id=\"36EC92B9_0095_FBAA_A604_F0C052ECBE76\"><\/div>\n<div id=\"36EC92B9_0095_FBAA_A604_F0C052ECBE76\"><\/div>\n<div id=\"36EC92B9_0095_FBAA_A604_F0C052ECBE76\"><\/div>\n<div id=\"36EC92B9_0095_FBAA_A604_F0C052ECBE76\"><\/div>\n<div id=\"36EC92B9_0095_FBAA_A604_F0C052ECBE76\"><\/div>\n<div id=\"36EC92B9_0095_FBAA_A604_F0C052ECBE76\"><\/div>\n<div id=\"36EC92B9_0095_FBAA_A604_F0C052ECBE76\"><\/div>\n<div id=\"36EC92B9_0095_FBAA_A604_F0C052ECBE76\"><\/div>\n<div id=\"36EC92B9_0095_FBAA_A604_F0C052ECBE76\"><\/div>\n<div id=\"36EC92B9_0095_FBAA_A604_F0C052ECBE76\"><\/div>\n<div id=\"36EC92B9_0095_FBAA_A604_F0C052ECBE76\"><\/div>\n<div id=\"36EC92B9_0095_FBAA_A604_F0C052ECBE76\"><\/div>\n<div id=\"36EC92B9_0095_FBAA_A604_F0C052ECBE76\"><\/div>\n<div id=\"36EC92B9_0095_FBAA_A604_F0C052ECBE76\"><\/div>\n<div id=\"36EC92B9_0095_FBAA_A604_F0C052ECBE76\"><\/div>\n<div id=\"36EC92B9_0095_FBAA_A604_F0C052ECBE76\"><\/div>","protected":false},"excerpt":{"rendered":"<p>Berlin-KC64522, \u0130zmir&#8217;deki kuma\u015f \u00fcreticileri taraf\u0131ndan \u00f6zenle tasarlanm\u0131\u015f, <strong>woven fabric<\/strong> kategorisinde \u00fcst\u00fcn performans sunan bir \u00fcr\u00fcnd\u00fcr. 2\/1 S \u00f6rg\u00fc tipiyle \u00fcretilen bu kuma\u015f, %32 polyester, %63 pamuk ve %5 likra (elastan) i\u00e7eri\u011fiyle hem dayan\u0131kl\u0131l\u0131\u011f\u0131 hem de esnekli\u011fi bir araya getirir. 235 gr\/m\u00b2 a\u011f\u0131rl\u0131\u011fa ve 160 cm kuma\u015f enine sahip olan Berlin-KC64522, tekstil sekt\u00f6r\u00fcn\u00fcn farkl\u0131 ihtiya\u00e7lar\u0131na cevap verebilecek \u015fekilde geli\u015ftirilmi\u015ftir. \u0130zmir\u2019de dokuma kuma\u015f toptan sat\u0131\u015f\u0131 arayanlar i\u00e7in bu \u00fcr\u00fcn, kalite ve konforun m\u00fckemmel dengesini sunar.<\/p>\n<ul>\n<li>Fabric Type: Woven<\/li>\n<li>Knitting Type: 2\/1 S<\/li>\n<li>Content: 32% Polyester 63% Cotton 5% Lycra (Elastane)<\/li>\n<li>Weight (gr\/mt2): 235<\/li>\n<li>Fabric width (cm): 160<\/li>\n<\/ul>\n<div id=\"36EC92B9_0095_FBAA_A604_F0C052ECBE76\"><\/div>\n<div id=\"36EC92B9_0095_FBAA_A604_F0C052ECBE76\"><\/div>\n<div id=\"36EC92B9_0095_FBAA_A604_F0C052ECBE76\"><\/div>\n<div id=\"36EC92B9_0095_FBAA_A604_F0C052ECBE76\"><\/div>\n<div id=\"36EC92B9_0095_FBAA_A604_F0C052ECBE76\"><\/div>\n<div id=\"36EC92B9_0095_FBAA_A604_F0C052ECBE76\"><\/div>\n<div id=\"36EC92B9_0095_FBAA_A604_F0C052ECBE76\"><\/div>\n<div id=\"36EC92B9_0095_FBAA_A604_F0C052ECBE76\"><\/div>\n<div id=\"36EC92B9_0095_FBAA_A604_F0C052ECBE76\"><\/div>\n<div id=\"36EC92B9_0095_FBAA_A604_F0C052ECBE76\"><\/div>\n<div id=\"36EC92B9_0095_FBAA_A604_F0C052ECBE76\"><\/div>\n<div id=\"36EC92B9_0095_FBAA_A604_F0C052ECBE76\"><\/div>\n<div id=\"36EC92B9_0095_FBAA_A604_F0C052ECBE76\"><\/div>\n<div id=\"36EC92B9_0095_FBAA_A604_F0C052ECBE76\"><\/div>\n<div id=\"36EC92B9_0095_FBAA_A604_F0C052ECBE76\"><\/div>\n<div id=\"36EC92B9_0095_FBAA_A604_F0C052ECBE76\"><\/div>\n<div id=\"36EC92B9_0095_FBAA_A604_F0C052ECBE76\"><\/div>","protected":false},"featured_media":2942,"template":"","meta":[],"product_brand":[],"product_cat":[138,97],"product_tag":[],"class_list":{"0":"post-2941","1":"product","2":"type-product","3":"status-publish","4":"has-post-thumbnail","6":"product_cat-dokuma","7":"product_cat-kumas","9":"first","10":"instock","11":"shipping-taxable","12":"product-type-simple"},"_links":{"self":[{"href":"https:\/\/brltekniktekstil.com\/en\/wp-json\/wp\/v2\/product\/2941","targetHints":{"allow":["GET"]}}],"collection":[{"href":"https:\/\/brltekniktekstil.com\/en\/wp-json\/wp\/v2\/product"}],"about":[{"href":"https:\/\/brltekniktekstil.com\/en\/wp-json\/wp\/v2\/types\/product"}],"version-history":[{"count":2,"href":"https:\/\/brltekniktekstil.com\/en\/wp-json\/wp\/v2\/product\/2941\/revisions"}],"predecessor-version":[{"id":3752,"href":"https:\/\/brltekniktekstil.com\/en\/wp-json\/wp\/v2\/product\/2941\/revisions\/3752"}],"wp:featuredmedia":[{"embeddable":true,"href":"https:\/\/brltekniktekstil.com\/en\/wp-json\/wp\/v2\/media\/2942"}],"wp:attachment":[{"href":"https:\/\/brltekniktekstil.com\/en\/wp-json\/wp\/v2\/media?parent=2941"}],"wp:term":[{"taxonomy":"product_brand","embeddable":true,"href":"https:\/\/brltekniktekstil.com\/en\/wp-json\/wp\/v2\/product_brand?post=2941"},{"taxonomy":"product_cat","embeddable":true,"href":"https:\/\/brltekniktekstil.com\/en\/wp-json\/wp\/v2\/product_cat?post=2941"},{"taxonomy":"product_tag","embeddable":true,"href":"https:\/\/brltekniktekstil.com\/en\/wp-json\/wp\/v2\/product_tag?post=2941"}],"curies":[{"name":"wp","href":"https:\/\/api.w.org\/{rel}","templated":true}]}}