{"id":2921,"date":"2024-02-22T14:16:47","date_gmt":"2024-02-22T11:16:47","guid":{"rendered":"https:\/\/brltekniktekstil.com\/?post_type=product&#038;p=2921"},"modified":"2024-04-15T19:58:48","modified_gmt":"2024-04-15T16:58:48","slug":"venus-kc95469","status":"publish","type":"product","link":"https:\/\/brltekniktekstil.com\/en\/venus-kc95469\/","title":{"rendered":"Ven\u00fcs-KC95469"},"content":{"rendered":"<p>Yeni nesil tekstil end\u00fcstrisinin yenilik\u00e7i \u00fcr\u00fcnlerinden biri Ven\u00fcs kuma\u015f\u0131m\u0131z,\u00a0<strong>mont, pantolon, ceket, \u015fapka, tulum ve yelek<\/strong>\u00a0gibi geni\u015f bir yelpazede kullan\u0131m imkan\u0131 sunuyor. Y\u00fcksek kaliteli malzemelerden \u00fcretilen ve \u00f6zel i\u015flemlerle i\u015flenen bu kuma\u015f, dayan\u0131kl\u0131l\u0131\u011f\u0131 ve konforu bir arada sunarak \u00e7o\u011fu alanda rahatl\u0131kla kullan\u0131labilir.<\/p>\n<div id=\"36EC92B9_0095_FBAA_A604_F0C052ECBE76\"><\/div>\n<div id=\"36EC92B9_0095_FBAA_A604_F0C052ECBE76\"><\/div>\n<div id=\"36EC92B9_0095_FBAA_A604_F0C052ECBE76\"><\/div>\n<div id=\"36EC92B9_0095_FBAA_A604_F0C052ECBE76\"><\/div>\n<div id=\"36EC92B9_0095_FBAA_A604_F0C052ECBE76\"><\/div>\n<div id=\"36EC92B9_0095_FBAA_A604_F0C052ECBE76\"><\/div>\n<div id=\"36EC92B9_0095_FBAA_A604_F0C052ECBE76\"><\/div>\n<div id=\"36EC92B9_0095_FBAA_A604_F0C052ECBE76\"><\/div>\n<div id=\"36EC92B9_0095_FBAA_A604_F0C052ECBE76\"><\/div>\n<div id=\"36EC92B9_0095_FBAA_A604_F0C052ECBE76\"><\/div>\n<div id=\"36EC92B9_0095_FBAA_A604_F0C052ECBE76\"><\/div>\n<div id=\"36EC92B9_0095_FBAA_A604_F0C052ECBE76\"><\/div>\n<div id=\"36EC92B9_0095_FBAA_A604_F0C052ECBE76\"><\/div>\n<div id=\"36EC92B9_0095_FBAA_A604_F0C052ECBE76\"><\/div>\n<div id=\"36EC92B9_0095_FBAA_A604_F0C052ECBE76\"><\/div>\n<div id=\"36EC92B9_0095_FBAA_A604_F0C052ECBE76\"><\/div>\n<div id=\"36EC92B9_0095_FBAA_A604_F0C052ECBE76\"><\/div>\n<div id=\"36EC92B9_0095_FBAA_A604_F0C052ECBE76\"><\/div>\n<div id=\"36EC92B9_0095_FBAA_A604_F0C052ECBE76\"><\/div>\n<div id=\"36EC92B9_0095_FBAA_A604_F0C052ECBE76\"><\/div>\n<div id=\"36EC92B9_0095_FBAA_A604_F0C052ECBE76\"><\/div>\n<div id=\"36EC92B9_0095_FBAA_A604_F0C052ECBE76\"><\/div>\n<div id=\"36EC92B9_0095_FBAA_A604_F0C052ECBE76\"><\/div>\n<div id=\"36EC92B9_0095_FBAA_A604_F0C052ECBE76\"><\/div>\n<div id=\"36EC92B9_0095_FBAA_A604_F0C052ECBE76\"><\/div>\n<div id=\"36EC92B9_0095_FBAA_A604_F0C052ECBE76\"><\/div>\n<div id=\"36EC92B9_0095_FBAA_A604_F0C052ECBE76\"><\/div>\n<div id=\"36EC92B9_0095_FBAA_A604_F0C052ECBE76\"><\/div>\n<div id=\"36EC92B9_0095_FBAA_A604_F0C052ECBE76\"><\/div>\n<div id=\"36EC92B9_0095_FBAA_A604_F0C052ECBE76\"><\/div>\n<div id=\"36EC92B9_0095_FBAA_A604_F0C052ECBE76\"><\/div>\n<div id=\"36EC92B9_0095_FBAA_A604_F0C052ECBE76\"><\/div>\n<div id=\"36EC92B9_0095_FBAA_A604_F0C052ECBE76\"><\/div>\n<div id=\"36EC92B9_0095_FBAA_A604_F0C052ECBE76\"><\/div>\n<div id=\"36EC92B9_0095_FBAA_A604_F0C052ECBE76\"><\/div>\n<div id=\"36EC92B9_0095_FBAA_A604_F0C052ECBE76\"><\/div>\n<div id=\"36EC92B9_0095_FBAA_A604_F0C052ECBE76\"><\/div>\n<div id=\"36EC92B9_0095_FBAA_A604_F0C052ECBE76\"><\/div>\n<div id=\"36EC92B9_0095_FBAA_A604_F0C052ECBE76\"><\/div>\n<div id=\"36EC92B9_0095_FBAA_A604_F0C052ECBE76\"><\/div>\n<div id=\"36EC92B9_0095_FBAA_A604_F0C052ECBE76\"><\/div>\n<div id=\"36EC92B9_0095_FBAA_A604_F0C052ECBE76\"><\/div>\n<div id=\"36EC92B9_0095_FBAA_A604_F0C052ECBE76\"><\/div>\n<div id=\"36EC92B9_0095_FBAA_A604_F0C052ECBE76\"><\/div>\n<div id=\"36EC92B9_0095_FBAA_A604_F0C052ECBE76\"><\/div>\n<div id=\"36EC92B9_0095_FBAA_A604_F0C052ECBE76\"><\/div>","protected":false},"excerpt":{"rendered":"<ul>\n<li>Fabric Type: Woven<\/li>\n<li>Knitting Type: 2\/1 S<\/li>\n<li>Content: 60% Polyester 36% Ring Cotton 4% Lycra (Elastane)<\/li>\n<li>Weight (gr\/mt2): 240<\/li>\n<li>Fabric width (cm): 160<\/li>\n<li>Black<\/li>\n<\/ul>\n<div id=\"36EC92B9_0095_FBAA_A604_F0C052ECBE76\"><\/div>\n<div id=\"36EC92B9_0095_FBAA_A604_F0C052ECBE76\"><\/div>\n<div id=\"36EC92B9_0095_FBAA_A604_F0C052ECBE76\"><\/div>","protected":false},"featured_media":2922,"template":"","meta":[],"product_brand":[],"product_cat":[138,97],"product_tag":[],"class_list":{"0":"post-2921","1":"product","2":"type-product","3":"status-publish","4":"has-post-thumbnail","6":"product_cat-dokuma","7":"product_cat-kumas","9":"first","10":"instock","11":"shipping-taxable","12":"product-type-simple"},"_links":{"self":[{"href":"https:\/\/brltekniktekstil.com\/en\/wp-json\/wp\/v2\/product\/2921","targetHints":{"allow":["GET"]}}],"collection":[{"href":"https:\/\/brltekniktekstil.com\/en\/wp-json\/wp\/v2\/product"}],"about":[{"href":"https:\/\/brltekniktekstil.com\/en\/wp-json\/wp\/v2\/types\/product"}],"version-history":[{"count":1,"href":"https:\/\/brltekniktekstil.com\/en\/wp-json\/wp\/v2\/product\/2921\/revisions"}],"predecessor-version":[{"id":3465,"href":"https:\/\/brltekniktekstil.com\/en\/wp-json\/wp\/v2\/product\/2921\/revisions\/3465"}],"wp:featuredmedia":[{"embeddable":true,"href":"https:\/\/brltekniktekstil.com\/en\/wp-json\/wp\/v2\/media\/2922"}],"wp:attachment":[{"href":"https:\/\/brltekniktekstil.com\/en\/wp-json\/wp\/v2\/media?parent=2921"}],"wp:term":[{"taxonomy":"product_brand","embeddable":true,"href":"https:\/\/brltekniktekstil.com\/en\/wp-json\/wp\/v2\/product_brand?post=2921"},{"taxonomy":"product_cat","embeddable":true,"href":"https:\/\/brltekniktekstil.com\/en\/wp-json\/wp\/v2\/product_cat?post=2921"},{"taxonomy":"product_tag","embeddable":true,"href":"https:\/\/brltekniktekstil.com\/en\/wp-json\/wp\/v2\/product_tag?post=2921"}],"curies":[{"name":"wp","href":"https:\/\/api.w.org\/{rel}","templated":true}]}}